{"id":409,"date":"2019-11-11T08:37:45","date_gmt":"2019-11-11T08:37:45","guid":{"rendered":"https:\/\/demo.casethemes.net\/contio\/?page_id=409"},"modified":"2025-12-23T11:35:37","modified_gmt":"2025-12-23T11:35:37","slug":"services","status":"publish","type":"page","link":"https:\/\/cec-ci.com\/?page_id=409","title":{"rendered":"Services"},"content":{"rendered":"\t\t<div data-elementor-type=\"wp-page\" data-elementor-id=\"409\" class=\"elementor elementor-409\">\n\t\t\t\t        <section class=\"elementor-section elementor-top-section elementor-element elementor-element-7ba6163c elementor-section-content-middle elementor-section-boxed elementor-section-height-default elementor-section-height-default\" data-id=\"7ba6163c\" data-element_type=\"section\" data-e-type=\"section\">\n            \n                        <div class=\"elementor-container elementor-column-gap-extended \">\n                    <div class=\"elementor-column elementor-col-50 elementor-top-column elementor-element elementor-element-48d67ad8\" data-id=\"48d67ad8\" data-element_type=\"column\" data-e-type=\"column\">\n        <div class=\"elementor-widget-wrap elementor-element-populated\">\n                    \n        \t\t<div class=\"elementor-element elementor-element-4b926a0e elementor-widget elementor-widget-ct_heading\" data-id=\"4b926a0e\" data-element_type=\"widget\" data-e-type=\"widget\" data-widget_type=\"ct_heading.default\">\n\t\t\t\t<div class=\"elementor-widget-container\">\n\t\t\t\t\t<div class=\"ct-heading \">\r\n\t\t\t<div class=\"item--sub-title style1 show-line\">Services<\/div>\r\n\t    <h3 class=\"item--title st-default\">\r\n        Vous obtiendrez les meilleurs prix aupr\u00e8s de notre entreprise.    <\/h3>\r\n<\/div>\t\t\t\t<\/div>\n\t\t\t\t<\/div>\n\t\t            <\/div>\n        <\/div>\n                <div class=\"elementor-column elementor-col-50 elementor-top-column elementor-element elementor-element-9e9779e\" data-id=\"9e9779e\" data-element_type=\"column\" data-e-type=\"column\">\n        <div class=\"elementor-widget-wrap elementor-element-populated\">\n                    \n        \t\t<div class=\"elementor-element elementor-element-469701d8 elementor-widget elementor-widget-text-editor\" data-id=\"469701d8\" data-element_type=\"widget\" data-e-type=\"widget\" data-widget_type=\"text-editor.default\">\n\t\t\t\t<div class=\"elementor-widget-container\">\n\t\t\t\t\t\t\t\t\t<p>Vous obtiendrez les meilleurs prix aupr\u00e8s de notre entreprise, sans compromis sur la qualit\u00e9 de nos services. Nous vous garantissons des solutions performantes, adapt\u00e9es \u00e0 votre budget et \u00e0 vos attentes.<\/p>\t\t\t\t\t\t\t\t<\/div>\n\t\t\t\t<\/div>\n\t\t            <\/div>\n        <\/div>\n                    <\/div>\n        <\/section>\n                <section class=\"elementor-section elementor-top-section elementor-element elementor-element-92e70ec elementor-section-boxed elementor-section-height-default elementor-section-height-default\" data-id=\"92e70ec\" data-element_type=\"section\" data-e-type=\"section\">\n            \n                        <div class=\"elementor-container elementor-column-gap-extended \">\n                    <div class=\"elementor-column elementor-col-100 elementor-top-column elementor-element elementor-element-34fa71d9\" data-id=\"34fa71d9\" data-element_type=\"column\" data-e-type=\"column\">\n        <div class=\"elementor-widget-wrap elementor-element-populated\">\n                    \n        \t\t<div class=\"elementor-element elementor-element-46432a75 elementor-widget elementor-widget-ct_service_grid\" data-id=\"46432a75\" data-element_type=\"widget\" data-e-type=\"widget\" data-widget_type=\"ct_service_grid.default\">\n\t\t\t\t<div class=\"elementor-widget-container\">\n\t\t\t\t\t\r\n<div id=\"ct_service_grid-46432a75\" class=\"ct-grid ct-service-grid2\" data-layout=\"masonry\" data-start-page=\"1\" data-max-pages=\"1\" data-total=\"4\" data-perpage=\"4\" data-next-link=\"\">\r\n    <div class=\"ct-grid-overlay\"><\/div>\r\n    \r\n    <div class=\"ct-grid-inner ct-grid-masonry row animate-time\" data-gutter=\"15\">\r\n                        <div class=\"grid-item col-xl-6 col-lg-6 col-md-6 col-sm-6 col-12 servicing-sector\">\r\n                    <div class=\"grid-item-inner wow zoomIn\">\r\n                                                    <div class=\"item--featured bg-image\" style=\"background-image: url(https:\/\/cec-ci.com\/wp-content\/uploads\/2019\/11\/constr-01.jpg);\"><a href=\"https:\/\/cec-ci.com\/?service=construction-batiment\"><\/a><\/div>\r\n                                                <div class=\"item--holder\">\r\n                            <div class=\"item--holder-inner\">\r\n                                                                    <h3 class=\"item--title\"><a href=\"https:\/\/cec-ci.com\/?service=construction-batiment\">Construction b\u00e2timent<\/a><\/h3>\r\n                                                                                                    <div class=\"item--content\">\r\n                                        Nous proposons des services de construction de b\u00e2timents alliant solidit\u00e9, qualit\u00e9 et respect des normes pour des ouvrages durables et s\u00e9curis\u00e9s.                                    <\/div>\r\n                                                                                                    <div class=\"item--readmore\">\r\n                                        <a href=\"https:\/\/cec-ci.com\/?service=construction-batiment\"><i class=\"fac fac-angle-right\"><\/i><\/a>\r\n                                    <\/div>\r\n                                                                                                    <div class=\"item--icon icon-normal\"><i class=\"flaticon-brickwall\"><\/i><\/div>\r\n                                    <div class=\"item--icon icon-gradient\"><i class=\"text-gradient flaticon-brickwall\"><\/i><\/div>\r\n                                                            <\/div>\r\n                        <\/div>\r\n                    <\/div>\r\n                <\/div>\r\n                            <div class=\"grid-item col-xl-6 col-lg-6 col-md-6 col-sm-6 col-12 servicing-sector\">\r\n                    <div class=\"grid-item-inner wow zoomIn\">\r\n                                                    <div class=\"item--featured bg-image\" style=\"background-image: url(https:\/\/cec-ci.com\/wp-content\/uploads\/2019\/11\/gallery-06.jpg);\"><a href=\"https:\/\/cec-ci.com\/?service=travaux-electricite-maintenance\"><\/a><\/div>\r\n                                                <div class=\"item--holder\">\r\n                            <div class=\"item--holder-inner\">\r\n                                                                    <h3 class=\"item--title\"><a href=\"https:\/\/cec-ci.com\/?service=travaux-electricite-maintenance\">Travaux d\u2019\u00e9lectricit\u00e9 &#038; maintenance<\/a><\/h3>\r\n                                                                                                    <div class=\"item--content\">\r\n                                        Nos interventions en \u00e9lectricit\u00e9 \u2014 installation, r\u00e9paration et entretien \u2014 assurent fonctionnement optimal et s\u00e9curit\u00e9 dans tous les types de b\u00e2timents.                                    <\/div>\r\n                                                                                                    <div class=\"item--readmore\">\r\n                                        <a href=\"https:\/\/cec-ci.com\/?service=travaux-electricite-maintenance\"><i class=\"fac fac-angle-right\"><\/i><\/a>\r\n                                    <\/div>\r\n                                                                                                    <div class=\"item--icon icon-normal\"><i class=\"flaticon-ruler\"><\/i><\/div>\r\n                                    <div class=\"item--icon icon-gradient\"><i class=\"text-gradient flaticon-ruler\"><\/i><\/div>\r\n                                                            <\/div>\r\n                        <\/div>\r\n                    <\/div>\r\n                <\/div>\r\n                            <div class=\"grid-item col-xl-6 col-lg-6 col-md-6 col-sm-6 col-12 servicing-sector\">\r\n                    <div class=\"grid-item-inner wow zoomIn\">\r\n                                                    <div class=\"item--featured bg-image\" style=\"background-image: url(https:\/\/cec-ci.com\/wp-content\/uploads\/2019\/11\/gallery-04.jpg);\"><a href=\"https:\/\/cec-ci.com\/?service=informatique-mobilier-bureau\"><\/a><\/div>\r\n                                                <div class=\"item--holder\">\r\n                            <div class=\"item--holder-inner\">\r\n                                                                    <h3 class=\"item--title\"><a href=\"https:\/\/cec-ci.com\/?service=informatique-mobilier-bureau\">Informatique et Mobilier de Bureau<\/a><\/h3>\r\n                                                                                                    <div class=\"item--content\">\r\n                                        Nous proposons des \u00e9quipements modernes informatique, accessoires et mobilier ergonomique pour am\u00e9liorer le confort de vos espaces professionnels.                                    <\/div>\r\n                                                                                                    <div class=\"item--readmore\">\r\n                                        <a href=\"https:\/\/cec-ci.com\/?service=informatique-mobilier-bureau\"><i class=\"fac fac-angle-right\"><\/i><\/a>\r\n                                    <\/div>\r\n                                                                                                    <div class=\"item--icon icon-normal\"><i class=\"flaticon-project\"><\/i><\/div>\r\n                                    <div class=\"item--icon icon-gradient\"><i class=\"text-gradient flaticon-project\"><\/i><\/div>\r\n                                                            <\/div>\r\n                        <\/div>\r\n                    <\/div>\r\n                <\/div>\r\n                            <div class=\"grid-item col-xl-6 col-lg-6 col-md-6 col-sm-6 col-12 servicing-sector\">\r\n                    <div class=\"grid-item-inner wow zoomIn\">\r\n                                                    <div class=\"item--featured bg-image\" style=\"background-image: url(https:\/\/cec-ci.com\/wp-content\/uploads\/2019\/11\/gallery-02.jpg);\"><a href=\"https:\/\/cec-ci.com\/?service=materiels-roulants\"><\/a><\/div>\r\n                                                <div class=\"item--holder\">\r\n                            <div class=\"item--holder-inner\">\r\n                                                                    <h3 class=\"item--title\"><a href=\"https:\/\/cec-ci.com\/?service=materiels-roulants\">Mat\u00e9riels roulants (moto, voiture, v\u00e9lo)<\/a><\/h3>\r\n                                                                                                    <div class=\"item--content\">\r\n                                        Nous mettons \u00e0 disposition des mat\u00e9riels roulants (motos, voitures, v\u00e9los) alliant performance, fiabilit\u00e9 et s\u00e9curit\u00e9 pour r\u00e9pondre \u00e0 vos besoins de mobilit\u00e9.                                    <\/div>\r\n                                                                                                    <div class=\"item--readmore\">\r\n                                        <a href=\"https:\/\/cec-ci.com\/?service=materiels-roulants\"><i class=\"fac fac-angle-right\"><\/i><\/a>\r\n                                    <\/div>\r\n                                                                                                    <div class=\"item--icon icon-normal\"><i class=\"flaticon-conveyor\"><\/i><\/div>\r\n                                    <div class=\"item--icon icon-gradient\"><i class=\"text-gradient flaticon-conveyor\"><\/i><\/div>\r\n                                                            <\/div>\r\n                        <\/div>\r\n                    <\/div>\r\n                <\/div>\r\n                                <div class=\"grid-sizer col-xl-6 col-lg-6 col-md-6 col-sm-6 col-12\"><\/div>\r\n            <\/div>\r\n        <\/div>\t\t\t\t<\/div>\n\t\t\t\t<\/div>\n\t\t            <\/div>\n        <\/div>\n                    <\/div>\n        <\/section>\n        \t\t<\/div>\n\t\t\n    <div class=\"xs_social_share_widget xs_share_url after_content \t\tmain_content  wslu-style-1 wslu-share-box-shaped wslu-fill-colored wslu-none wslu-share-horizontal wslu-theme-font-no wslu-main_content\">\n\n\t\t\n        <ul>\n\t\t\t        <\/ul>\n    <\/div> \n","protected":false},"excerpt":{"rendered":"<p>Services Vous obtiendrez les meilleurs prix aupr\u00e8s de notre entreprise. Vous obtiendrez les meilleurs prix aupr\u00e8s de notre entreprise, sans compromis sur la qualit\u00e9 de nos services. Nous vous garantissons des solutions performantes, adapt\u00e9es \u00e0 votre budget et \u00e0 vos attentes. Construction de pi\u00e8ces et syst\u00e8mes automobiles Lorem Ipsum available, but the maj to ority [&hellip;]<\/p>\n","protected":false},"author":1,"featured_media":0,"parent":0,"menu_order":0,"comment_status":"closed","ping_status":"closed","template":"","meta":{"_seopress_robots_primary_cat":"","_seopress_titles_title":"","_seopress_titles_desc":"","_seopress_robots_index":"","postBodyCss":"","postBodyMargin":[],"postBodyPadding":[],"postBodyBackground":{"backgroundType":"classic","gradient":""},"footnotes":""},"class_list":["post-409","page","type-page","status-publish","hentry"],"_links":{"self":[{"href":"https:\/\/cec-ci.com\/index.php?rest_route=\/wp\/v2\/pages\/409","targetHints":{"allow":["GET"]}}],"collection":[{"href":"https:\/\/cec-ci.com\/index.php?rest_route=\/wp\/v2\/pages"}],"about":[{"href":"https:\/\/cec-ci.com\/index.php?rest_route=\/wp\/v2\/types\/page"}],"author":[{"embeddable":true,"href":"https:\/\/cec-ci.com\/index.php?rest_route=\/wp\/v2\/users\/1"}],"replies":[{"embeddable":true,"href":"https:\/\/cec-ci.com\/index.php?rest_route=%2Fwp%2Fv2%2Fcomments&post=409"}],"version-history":[{"count":13,"href":"https:\/\/cec-ci.com\/index.php?rest_route=\/wp\/v2\/pages\/409\/revisions"}],"predecessor-version":[{"id":2303,"href":"https:\/\/cec-ci.com\/index.php?rest_route=\/wp\/v2\/pages\/409\/revisions\/2303"}],"wp:attachment":[{"href":"https:\/\/cec-ci.com\/index.php?rest_route=%2Fwp%2Fv2%2Fmedia&parent=409"}],"curies":[{"name":"wp","href":"https:\/\/api.w.org\/{rel}","templated":true}]}}