{"id":2146,"date":"2025-12-18T15:05:23","date_gmt":"2025-12-18T15:05:23","guid":{"rendered":"https:\/\/cec-ci.com\/?page_id=2146"},"modified":"2025-12-23T11:18:47","modified_gmt":"2025-12-23T11:18:47","slug":"notre-equipe","status":"publish","type":"page","link":"https:\/\/cec-ci.com\/?page_id=2146","title":{"rendered":"Notre \u00c9quipe"},"content":{"rendered":"\t\t<div data-elementor-type=\"wp-page\" data-elementor-id=\"2146\" class=\"elementor elementor-2146\">\n\t\t\t\t        <section class=\"elementor-section elementor-top-section elementor-element elementor-element-5ebd4da3 elementor-section-content-middle elementor-section-boxed elementor-section-height-default elementor-section-height-default\" data-id=\"5ebd4da3\" data-element_type=\"section\" data-e-type=\"section\">\n            \n                        <div class=\"elementor-container elementor-column-gap-extended \">\n                    <div class=\"elementor-column elementor-col-50 elementor-top-column elementor-element elementor-element-65bf164f\" data-id=\"65bf164f\" data-element_type=\"column\" data-e-type=\"column\">\n        <div class=\"elementor-widget-wrap elementor-element-populated\">\n                    \n        \t\t<div class=\"elementor-element elementor-element-709c9ff0 elementor-widget elementor-widget-ct_heading\" data-id=\"709c9ff0\" data-element_type=\"widget\" data-e-type=\"widget\" data-widget_type=\"ct_heading.default\">\n\t\t\t\t<div class=\"elementor-widget-container\">\n\t\t\t\t\t<div class=\"ct-heading \">\r\n\t\t\t<div class=\"item--sub-title style1 show-line\">\u00c9quipe<\/div>\r\n\t    <h3 class=\"item--title st-default\">\r\n        Nous vous satisferons gr\u00e2ce \u00e0 nos id\u00e9es de travail.    <\/h3>\r\n<\/div>\t\t\t\t<\/div>\n\t\t\t\t<\/div>\n\t\t            <\/div>\n        <\/div>\n                <div class=\"elementor-column elementor-col-50 elementor-top-column elementor-element elementor-element-565ccd46\" data-id=\"565ccd46\" data-element_type=\"column\" data-e-type=\"column\">\n        <div class=\"elementor-widget-wrap elementor-element-populated\">\n                    \n        \t\t<div class=\"elementor-element elementor-element-4e81685f elementor-widget elementor-widget-text-editor\" data-id=\"4e81685f\" data-element_type=\"widget\" data-e-type=\"widget\" data-widget_type=\"text-editor.default\">\n\t\t\t\t<div class=\"elementor-widget-container\">\n\t\t\t\t\t\t\t\t\t<p>Nous vous satisferons gr\u00e2ce \u00e0 nos id\u00e9es de travail innovantes et adapt\u00e9es \u00e0 vos besoins. Notre engagement est de vous proposer des solutions efficaces, cr\u00e9atives et durables pour atteindre vos objectifs.<\/p>\t\t\t\t\t\t\t\t<\/div>\n\t\t\t\t<\/div>\n\t\t            <\/div>\n        <\/div>\n                    <\/div>\n        <\/section>\n                <section class=\"elementor-section elementor-top-section elementor-element elementor-element-7d3ed03 elementor-section-boxed elementor-section-height-default elementor-section-height-default\" data-id=\"7d3ed03\" data-element_type=\"section\" data-e-type=\"section\">\n            \n                        <div class=\"elementor-container elementor-column-gap-default \">\n                    <div class=\"elementor-column elementor-col-100 elementor-top-column elementor-element elementor-element-24b59b7\" data-id=\"24b59b7\" data-element_type=\"column\" data-e-type=\"column\">\n        <div class=\"elementor-widget-wrap elementor-element-populated\">\n                    \n        \t\t<div class=\"elementor-element elementor-element-4c0e557 elementor-widget elementor-widget-ct_team_grid\" data-id=\"4c0e557\" data-element_type=\"widget\" data-e-type=\"widget\" data-widget_type=\"ct_team_grid.default\">\n\t\t\t\t<div class=\"elementor-widget-container\">\n\t\t\t\t\t    <div class=\"ct-grid ct-team-grid1\">\r\n        <div class=\"ct-grid-inner ct-grid-masonry row\" data-gutter=\"7\">\r\n                            <div class=\"grid-item col-xl-4 col-lg-4 col-md-6 col-sm-6 col-12\">\r\n                    <div class=\"item--inner \">\r\n                    \t                            <div class=\"item--image\">\r\n                                <a href=\"https:\/\/cec-ci.com\/team-details\/\"><img fetchpriority=\"high\" decoding=\"async\" width=\"1024\" height=\"1536\" src=\"https:\/\/cec-ci.com\/wp-content\/uploads\/2025\/12\/ouvriere-BTP.png\" class=\"attachment-full\" alt=\"\" \/><\/a>\r\n                            <\/div>\r\n                                                <div class=\"item--meta-wrap\">\r\n                            <div class=\"item--meta item--first\">\r\n                            \t<h3 class=\"item--title\">\t\r\n                \t            \tKouassi V\u00e9ronique                \t\t        <\/h3>\r\n                \t\t        <span class=\"item--position\">Architecte<\/span>\r\n                                <div class=\"item--social\">\r\n                                                                                <a href=\"#\"><i class=\"\"><\/i><\/a>\r\n                                                                                    <a href=\"#\"><i class=\"\"><\/i><\/a>\r\n                                                                                    <a href=\"#\"><i class=\"\"><\/i><\/a>\r\n                                                                                    <a href=\"#\"><i class=\"\"><\/i><\/a>\r\n                                                                        <\/div>\r\n                            <\/div>\r\n                            <div class=\"item--meta item--last\">\r\n                                <h3 class=\"item--title\">    \r\n                                    <a href=\"https:\/\/cec-ci.com\/team-details\/\">\r\n                                        Kouassi V\u00e9ronique                                    <\/a>\r\n                                <\/h3>\r\n                                <span class=\"item--position text-gradient\">Architecte<\/span>\r\n                                                                    <ul class=\"item--list\">\r\n                                        <li>Mail: info@cec-ci.com<\/li>\r\n                                        <li>Tel: (+225) 05 05 42 24 24<\/li>\r\n                                    <\/ul>\r\n                                                                <div class=\"item--social\">\r\n                                                                                <a href=\"#\"><i class=\"\"><\/i><\/a>\r\n                                                                                    <a href=\"#\"><i class=\"\"><\/i><\/a>\r\n                                                                                    <a href=\"#\"><i class=\"\"><\/i><\/a>\r\n                                                                                    <a href=\"#\"><i class=\"\"><\/i><\/a>\r\n                                                                        <\/div>\r\n                            <\/div>\r\n                        <\/div>\r\n                   <\/div>\r\n                <\/div>\r\n                            <div class=\"grid-item col-xl-4 col-lg-4 col-md-6 col-sm-6 col-12\">\r\n                    <div class=\"item--inner \">\r\n                    \t                            <div class=\"item--image\">\r\n                                <a href=\"https:\/\/cec-ci.com\/team-details\/\"><img decoding=\"async\" width=\"1024\" height=\"1536\" src=\"https:\/\/cec-ci.com\/wp-content\/uploads\/2025\/12\/macon-BTP.png\" class=\"attachment-full\" alt=\"\" \/><\/a>\r\n                            <\/div>\r\n                                                <div class=\"item--meta-wrap\">\r\n                            <div class=\"item--meta item--first\">\r\n                            \t<h3 class=\"item--title\">\t\r\n                \t            \tKon\u00e9 Souleymane                \t\t        <\/h3>\r\n                \t\t        <span class=\"item--position\">Ma\u00e7on<\/span>\r\n                                <div class=\"item--social\">\r\n                                                                                <a href=\"#\"><i class=\"\"><\/i><\/a>\r\n                                                                                    <a href=\"#\"><i class=\"\"><\/i><\/a>\r\n                                                                                    <a href=\"#\"><i class=\"\"><\/i><\/a>\r\n                                                                                    <a href=\"#\"><i class=\"\"><\/i><\/a>\r\n                                                                        <\/div>\r\n                            <\/div>\r\n                            <div class=\"item--meta item--last\">\r\n                                <h3 class=\"item--title\">    \r\n                                    <a href=\"https:\/\/cec-ci.com\/team-details\/\">\r\n                                        Kon\u00e9 Souleymane                                    <\/a>\r\n                                <\/h3>\r\n                                <span class=\"item--position text-gradient\">Ma\u00e7on<\/span>\r\n                                                                    <ul class=\"item--list\">\r\n                                        <li>Mail: info@cec-ci.com<\/li>\r\n                                        <li>Tel: (+225) 05 05 42 24 24<\/li>\r\n                                    <\/ul>\r\n                                                                <div class=\"item--social\">\r\n                                                                                <a href=\"#\"><i class=\"\"><\/i><\/a>\r\n                                                                                    <a href=\"#\"><i class=\"\"><\/i><\/a>\r\n                                                                                    <a href=\"#\"><i class=\"\"><\/i><\/a>\r\n                                                                                    <a href=\"#\"><i class=\"\"><\/i><\/a>\r\n                                                                        <\/div>\r\n                            <\/div>\r\n                        <\/div>\r\n                   <\/div>\r\n                <\/div>\r\n                            <div class=\"grid-item col-xl-4 col-lg-4 col-md-6 col-sm-6 col-12\">\r\n                    <div class=\"item--inner \">\r\n                    \t                            <div class=\"item--image\">\r\n                                <a href=\"https:\/\/cec-ci.com\/team-details\/\"><img decoding=\"async\" width=\"1024\" height=\"1536\" src=\"https:\/\/cec-ci.com\/wp-content\/uploads\/2025\/12\/electricien-BTP.png\" class=\"attachment-full\" alt=\"\" \/><\/a>\r\n                            <\/div>\r\n                                                <div class=\"item--meta-wrap\">\r\n                            <div class=\"item--meta item--first\">\r\n                            \t<h3 class=\"item--title\">\t\r\n                \t            \tKoffi Charles                \t\t        <\/h3>\r\n                \t\t        <span class=\"item--position\">\u00c9lectricien BTP<\/span>\r\n                                <div class=\"item--social\">\r\n                                                                                <a href=\"#\"><i class=\"\"><\/i><\/a>\r\n                                                                                    <a href=\"#\"><i class=\"\"><\/i><\/a>\r\n                                                                                    <a href=\"#\"><i class=\"\"><\/i><\/a>\r\n                                                                                    <a href=\"#\"><i class=\"\"><\/i><\/a>\r\n                                                                        <\/div>\r\n                            <\/div>\r\n                            <div class=\"item--meta item--last\">\r\n                                <h3 class=\"item--title\">    \r\n                                    <a href=\"https:\/\/cec-ci.com\/team-details\/\">\r\n                                        Koffi Charles                                    <\/a>\r\n                                <\/h3>\r\n                                <span class=\"item--position text-gradient\">\u00c9lectricien BTP<\/span>\r\n                                                                    <ul class=\"item--list\">\r\n                                        <li>Mail: info@cec-ci.com<\/li>\r\n                                        <li>Tel: (+225) 05 05 42 24 24<\/li>\r\n                                    <\/ul>\r\n                                                                <div class=\"item--social\">\r\n                                                                                <a href=\"#\"><i class=\"\"><\/i><\/a>\r\n                                                                                    <a href=\"#\"><i class=\"\"><\/i><\/a>\r\n                                                                                    <a href=\"#\"><i class=\"\"><\/i><\/a>\r\n                                                                                    <a href=\"#\"><i class=\"\"><\/i><\/a>\r\n                                                                        <\/div>\r\n                            <\/div>\r\n                        <\/div>\r\n                   <\/div>\r\n                <\/div>\r\n                            <div class=\"grid-item col-xl-4 col-lg-4 col-md-6 col-sm-6 col-12\">\r\n                    <div class=\"item--inner \">\r\n                    \t                            <div class=\"item--image\">\r\n                                <a href=\"https:\/\/cec-ci.com\/team-details\/\"><img loading=\"lazy\" decoding=\"async\" width=\"1024\" height=\"1536\" src=\"https:\/\/cec-ci.com\/wp-content\/uploads\/2025\/12\/plombiere-BTP.webp\" class=\"attachment-full\" alt=\"\" \/><\/a>\r\n                            <\/div>\r\n                                                <div class=\"item--meta-wrap\">\r\n                            <div class=\"item--meta item--first\">\r\n                            \t<h3 class=\"item--title\">\t\r\n                \t            \tJodi Carole                \t\t        <\/h3>\r\n                \t\t        <span class=\"item--position\">Plombi\u00e8re<\/span>\r\n                                <div class=\"item--social\">\r\n                                                                                <a href=\"#\"><i class=\"\"><\/i><\/a>\r\n                                                                                    <a href=\"#\"><i class=\"\"><\/i><\/a>\r\n                                                                                    <a href=\"#\"><i class=\"\"><\/i><\/a>\r\n                                                                                    <a href=\"#\"><i class=\"\"><\/i><\/a>\r\n                                                                        <\/div>\r\n                            <\/div>\r\n                            <div class=\"item--meta item--last\">\r\n                                <h3 class=\"item--title\">    \r\n                                    <a href=\"https:\/\/cec-ci.com\/team-details\/\">\r\n                                        Jodi Carole                                    <\/a>\r\n                                <\/h3>\r\n                                <span class=\"item--position text-gradient\">Plombi\u00e8re<\/span>\r\n                                                                    <ul class=\"item--list\">\r\n                                        <li>Mail: info@cec-ci.com<\/li>\r\n                                        <li>Tel: (+225) 05 05 42 24 24<\/li>\r\n                                    <\/ul>\r\n                                                                <div class=\"item--social\">\r\n                                                                                <a href=\"#\"><i class=\"\"><\/i><\/a>\r\n                                                                                    <a href=\"#\"><i class=\"\"><\/i><\/a>\r\n                                                                                    <a href=\"#\"><i class=\"\"><\/i><\/a>\r\n                                                                                    <a href=\"#\"><i class=\"\"><\/i><\/a>\r\n                                                                        <\/div>\r\n                            <\/div>\r\n                        <\/div>\r\n                   <\/div>\r\n                <\/div>\r\n                            <div class=\"grid-item col-xl-4 col-lg-4 col-md-6 col-sm-6 col-12\">\r\n                    <div class=\"item--inner \">\r\n                    \t                            <div class=\"item--image\">\r\n                                <a href=\"https:\/\/cec-ci.com\/team-details\/\"><img loading=\"lazy\" decoding=\"async\" width=\"1024\" height=\"1536\" src=\"https:\/\/cec-ci.com\/wp-content\/uploads\/2025\/12\/Peintre-en-batiment-BTP.webp\" class=\"attachment-full\" alt=\"\" \/><\/a>\r\n                            <\/div>\r\n                                                <div class=\"item--meta-wrap\">\r\n                            <div class=\"item--meta item--first\">\r\n                            \t<h3 class=\"item--title\">\t\r\n                \t            \tYapo Anderson                \t\t        <\/h3>\r\n                \t\t        <span class=\"item--position\">Peintre en b\u00e2timent<\/span>\r\n                                <div class=\"item--social\">\r\n                                                                                <a href=\"#\"><i class=\"\"><\/i><\/a>\r\n                                                                                    <a href=\"#\"><i class=\"\"><\/i><\/a>\r\n                                                                                    <a href=\"#\"><i class=\"\"><\/i><\/a>\r\n                                                                                    <a href=\"#\"><i class=\"\"><\/i><\/a>\r\n                                                                        <\/div>\r\n                            <\/div>\r\n                            <div class=\"item--meta item--last\">\r\n                                <h3 class=\"item--title\">    \r\n                                    <a href=\"https:\/\/cec-ci.com\/team-details\/\">\r\n                                        Yapo Anderson                                    <\/a>\r\n                                <\/h3>\r\n                                <span class=\"item--position text-gradient\">Peintre en b\u00e2timent<\/span>\r\n                                                                    <ul class=\"item--list\">\r\n                                        <li>Mail: info@cec-ci.com<\/li>\r\n                                        <li>Tel: (+225) 05 05 42 24 24<\/li>\r\n                                    <\/ul>\r\n                                                                <div class=\"item--social\">\r\n                                                                                <a href=\"#\"><i class=\"\"><\/i><\/a>\r\n                                                                                    <a href=\"#\"><i class=\"\"><\/i><\/a>\r\n                                                                                    <a href=\"#\"><i class=\"\"><\/i><\/a>\r\n                                                                                    <a href=\"#\"><i class=\"\"><\/i><\/a>\r\n                                                                        <\/div>\r\n                            <\/div>\r\n                        <\/div>\r\n                   <\/div>\r\n                <\/div>\r\n                            <div class=\"grid-item col-xl-4 col-lg-4 col-md-6 col-sm-6 col-12\">\r\n                    <div class=\"item--inner \">\r\n                    \t                            <div class=\"item--image\">\r\n                                <a href=\"https:\/\/cec-ci.com\/team-details\/\"><img loading=\"lazy\" decoding=\"async\" width=\"1024\" height=\"1536\" src=\"https:\/\/cec-ci.com\/wp-content\/uploads\/2025\/12\/Conducteur-dengins-BTP.webp\" class=\"attachment-full\" alt=\"\" \/><\/a>\r\n                            <\/div>\r\n                                                <div class=\"item--meta-wrap\">\r\n                            <div class=\"item--meta item--first\">\r\n                            \t<h3 class=\"item--title\">\t\r\n                \t            \tHohan Maruis                \t\t        <\/h3>\r\n                \t\t        <span class=\"item--position\">Conducteur d\u2019engins<\/span>\r\n                                <div class=\"item--social\">\r\n                                                                                <a href=\"#\"><i class=\"\"><\/i><\/a>\r\n                                                                                    <a href=\"#\"><i class=\"\"><\/i><\/a>\r\n                                                                                    <a href=\"#\"><i class=\"\"><\/i><\/a>\r\n                                                                                    <a href=\"#\"><i class=\"\"><\/i><\/a>\r\n                                                                        <\/div>\r\n                            <\/div>\r\n                            <div class=\"item--meta item--last\">\r\n                                <h3 class=\"item--title\">    \r\n                                    <a href=\"https:\/\/cec-ci.com\/team-details\/\">\r\n                                        Hohan Maruis                                    <\/a>\r\n                                <\/h3>\r\n                                <span class=\"item--position text-gradient\">Conducteur d\u2019engins<\/span>\r\n                                                                    <ul class=\"item--list\">\r\n                                        <li>Mail: info@cec-ci.com<\/li>\r\n                                        <li>Tel: (+225) 05 05 42 24 24<\/li>\r\n                                    <\/ul>\r\n                                                                <div class=\"item--social\">\r\n                                                                                <a href=\"#\"><i class=\"\"><\/i><\/a>\r\n                                                                                    <a href=\"#\"><i class=\"\"><\/i><\/a>\r\n                                                                                    <a href=\"#\"><i class=\"\"><\/i><\/a>\r\n                                                                                    <a href=\"#\"><i class=\"\"><\/i><\/a>\r\n                                                                        <\/div>\r\n                            <\/div>\r\n                        <\/div>\r\n                   <\/div>\r\n                <\/div>\r\n                        <div class=\"grid-sizer col-xl-4 col-lg-4 col-md-6 col-sm-6 col-12\"><\/div>\r\n        <\/div>\r\n    <\/div>\r\n\t\t\t\t<\/div>\n\t\t\t\t<\/div>\n\t\t            <\/div>\n        <\/div>\n                    <\/div>\n        <\/section>\n        \t\t<\/div>\n\t\t\n    <div class=\"xs_social_share_widget xs_share_url after_content \t\tmain_content  wslu-style-1 wslu-share-box-shaped wslu-fill-colored wslu-none wslu-share-horizontal wslu-theme-font-no wslu-main_content\">\n\n\t\t\n        <ul>\n\t\t\t        <\/ul>\n    <\/div> \n","protected":false},"excerpt":{"rendered":"<p>\u00c9quipe Nous vous satisferons gr\u00e2ce \u00e0 nos id\u00e9es de travail. Nous vous satisferons gr\u00e2ce \u00e0 nos id\u00e9es de travail innovantes et adapt\u00e9es \u00e0 vos besoins. Notre engagement est de vous proposer des solutions efficaces, cr\u00e9atives et durables pour atteindre vos objectifs. Kouassi V\u00e9ronique Architecte Kouassi V\u00e9ronique Architecte Mail: info@cec-ci.com Tel: (+225) 05 05 42 24 [&hellip;]<\/p>\n","protected":false},"author":4,"featured_media":2070,"parent":0,"menu_order":0,"comment_status":"closed","ping_status":"closed","template":"","meta":{"_seopress_robots_primary_cat":"","_seopress_titles_title":"Notre Equipe","_seopress_titles_desc":"","_seopress_robots_index":"","postBodyCss":"","postBodyMargin":[],"postBodyPadding":[],"postBodyBackground":{"backgroundType":"classic","gradient":""},"footnotes":""},"class_list":["post-2146","page","type-page","status-publish","has-post-thumbnail","hentry"],"_links":{"self":[{"href":"https:\/\/cec-ci.com\/index.php?rest_route=\/wp\/v2\/pages\/2146","targetHints":{"allow":["GET"]}}],"collection":[{"href":"https:\/\/cec-ci.com\/index.php?rest_route=\/wp\/v2\/pages"}],"about":[{"href":"https:\/\/cec-ci.com\/index.php?rest_route=\/wp\/v2\/types\/page"}],"author":[{"embeddable":true,"href":"https:\/\/cec-ci.com\/index.php?rest_route=\/wp\/v2\/users\/4"}],"replies":[{"embeddable":true,"href":"https:\/\/cec-ci.com\/index.php?rest_route=%2Fwp%2Fv2%2Fcomments&post=2146"}],"version-history":[{"count":7,"href":"https:\/\/cec-ci.com\/index.php?rest_route=\/wp\/v2\/pages\/2146\/revisions"}],"predecessor-version":[{"id":2343,"href":"https:\/\/cec-ci.com\/index.php?rest_route=\/wp\/v2\/pages\/2146\/revisions\/2343"}],"wp:featuredmedia":[{"embeddable":true,"href":"https:\/\/cec-ci.com\/index.php?rest_route=\/wp\/v2\/media\/2070"}],"wp:attachment":[{"href":"https:\/\/cec-ci.com\/index.php?rest_route=%2Fwp%2Fv2%2Fmedia&parent=2146"}],"curies":[{"name":"wp","href":"https:\/\/api.w.org\/{rel}","templated":true}]}}