{"id":129,"date":"2019-11-02T02:32:56","date_gmt":"2019-11-02T02:32:56","guid":{"rendered":"https:\/\/demo.casethemes.net\/contio\/?page_id=129"},"modified":"2026-04-17T17:22:15","modified_gmt":"2026-04-17T17:22:15","slug":"projets","status":"publish","type":"page","link":"https:\/\/cec-ci.com\/?page_id=129","title":{"rendered":"Projets"},"content":{"rendered":"\t\t<div data-elementor-type=\"wp-page\" data-elementor-id=\"129\" class=\"elementor elementor-129\">\n\t\t\t\t        <section class=\"elementor-section elementor-top-section elementor-element elementor-element-fb04492 elementor-section-content-middle elementor-section-boxed elementor-section-height-default elementor-section-height-default\" data-id=\"fb04492\" data-element_type=\"section\" data-e-type=\"section\">\n            \n                        <div class=\"elementor-container elementor-column-gap-extended \">\n                    <div class=\"elementor-column elementor-col-50 elementor-top-column elementor-element elementor-element-7b3c5f0\" data-id=\"7b3c5f0\" data-element_type=\"column\" data-e-type=\"column\">\n        <div class=\"elementor-widget-wrap elementor-element-populated\">\n                    \n        \t\t<div class=\"elementor-element elementor-element-f1a14f8 elementor-widget elementor-widget-ct_heading\" data-id=\"f1a14f8\" data-element_type=\"widget\" data-e-type=\"widget\" data-widget_type=\"ct_heading.default\">\n\t\t\t\t<div class=\"elementor-widget-container\">\n\t\t\t\t\t<div class=\"ct-heading \">\r\n\t\t\t<div class=\"item--sub-title style1 show-line\">Projets<\/div>\r\n\t    <h3 class=\"item--title st-default\">\r\n        D\u00e9couvrez quelques-uns de nos projets r\u00e9alis\u00e9s selon les normes    <\/h3>\r\n<\/div>\t\t\t\t<\/div>\n\t\t\t\t<\/div>\n\t\t            <\/div>\n        <\/div>\n                <div class=\"elementor-column elementor-col-50 elementor-top-column elementor-element elementor-element-f25fa3b\" data-id=\"f25fa3b\" data-element_type=\"column\" data-e-type=\"column\">\n        <div class=\"elementor-widget-wrap elementor-element-populated\">\n                    \n        \t\t<div class=\"elementor-element elementor-element-a6d957c elementor-widget elementor-widget-text-editor\" data-id=\"a6d957c\" data-element_type=\"widget\" data-e-type=\"widget\" data-widget_type=\"text-editor.default\">\n\t\t\t\t<div class=\"elementor-widget-container\">\n\t\t\t\t\t\t\t\t\t<p>D\u00e9couvrez quelques-uns de nos projets r\u00e9alis\u00e9s dans le respect strict des normes de qualit\u00e9, de s\u00e9curit\u00e9 et de construction. Chaque r\u00e9alisation refl\u00e8te notre savoir-faire, notre rigueur et notre engagement \u00e0 livrer des ouvrages durables et fiables.<\/p>\t\t\t\t\t\t\t\t<\/div>\n\t\t\t\t<\/div>\n\t\t            <\/div>\n        <\/div>\n                    <\/div>\n        <\/section>\n                <section class=\"elementor-section elementor-top-section elementor-element elementor-element-3df308c elementor-section-boxed elementor-section-height-default elementor-section-height-default\" data-id=\"3df308c\" data-element_type=\"section\" data-e-type=\"section\">\n            \n                        <div class=\"elementor-container elementor-column-gap-extended \">\n                    <div class=\"elementor-column elementor-col-100 elementor-top-column elementor-element elementor-element-2d05472\" data-id=\"2d05472\" data-element_type=\"column\" data-e-type=\"column\">\n        <div class=\"elementor-widget-wrap\">\n                    \n                    <\/div>\n        <\/div>\n                    <\/div>\n        <\/section>\n                <section class=\"elementor-section elementor-top-section elementor-element elementor-element-9db26cc elementor-section-boxed elementor-section-height-default elementor-section-height-default\" data-id=\"9db26cc\" data-element_type=\"section\" data-e-type=\"section\">\n            \n                        <div class=\"elementor-container elementor-column-gap-default \">\n                    <div class=\"elementor-column elementor-col-100 elementor-top-column elementor-element elementor-element-a88ddea\" data-id=\"a88ddea\" data-element_type=\"column\" data-e-type=\"column\">\n        <div class=\"elementor-widget-wrap elementor-element-populated\">\n                    \n        \t\t<div class=\"elementor-element elementor-element-b97f62b elementor-widget elementor-widget-ct_blog_grid\" data-id=\"b97f62b\" data-element_type=\"widget\" data-e-type=\"widget\" data-widget_type=\"ct_blog_grid.default\">\n\t\t\t\t<div class=\"elementor-widget-container\">\n\t\t\t\t\t\r\n<div id=\"ct_blog_grid-b97f62b\" class=\"ct-grid ct-blog-grid ct-blog-grid-layout1\" data-layout=\"masonry\" data-start-page=\"1\" data-max-pages=\"2\" data-total=\"8\" data-perpage=\"6\" data-next-link=\"https:\/\/cec-ci.com\/index.php?rest_route=%2Fwp%2Fv2%2Fpages%2F129&#038;paged=2\">\r\n    <div class=\"ct-grid-overlay\"><\/div>\r\n    \r\n    <div class=\"ct-grid-inner ct-grid-masonry row animate-time\" data-gutter=\"15\">\r\n                    <div class=\"grid-sizer col-xl-4 col-lg-4 col-md-6 col-sm-6 col-12\"><\/div>\r\n                                <div class=\"grid-item col-xl-4 col-lg-4 col-md-6 col-sm-6 col-12 projets\">\r\n                    <div class=\"grid-item-inner wow fadeInUp\">\r\n                                                    <div class=\"entry-featured\">\r\n                                <a href=\"https:\/\/cec-ci.com\/?p=2672\"><img fetchpriority=\"high\" decoding=\"async\" class=\"\" src=\"https:\/\/cec-ci.com\/wp-content\/uploads\/2026\/04\/WhatsApp-Image-2026-04-16-at-14.49.46-370x240.jpeg\" width=\"370\" height=\"240\" alt=\"WhatsApp Image 2026-04-16 at 14.49.46\" title=\"WhatsApp Image 2026-04-16 at 14.49.46\" \/><\/a>\r\n                            <\/div>\r\n                                                <div class=\"entry-body\">\r\n                                                            <ul class=\"entry-meta\">\r\n                                                                            <li class=\"item-date\"><i class=\"fac fac-calendar-alt\"><\/i><\/li>\r\n                                                                                                                <li class=\"item-author\">\r\n                                            <a href=\"https:\/\/cec-ci.com\/?author=5\"><i class=\"fac fac-user\"><\/i>beda.yapo<\/a><\/li>\r\n                                                                    <\/ul>\r\n                                                        <h3 class=\"entry-title\"><a href=\"https:\/\/cec-ci.com\/?p=2672\">TRAVAUX D\u2019AMENAGEMENT ET DE BUTUMAGE DE LA ROUTE VARALE \u2013 KALAMON FRONTIERE BURKINA FASO ( travaux de d\u00e9placement du r\u00e9seaux \u00e9lectrique de l\u2019axe varale &#8211; kalamon\u00a0 frontiere burkina )<\/a><\/h3>\r\n                        <\/div>\r\n                    <\/div>\r\n                <\/div>\r\n                            <div class=\"grid-item col-xl-4 col-lg-4 col-md-6 col-sm-6 col-12 projets\">\r\n                    <div class=\"grid-item-inner wow fadeInUp\">\r\n                                                    <div class=\"entry-featured\">\r\n                                <a href=\"https:\/\/cec-ci.com\/?p=2659\"><img decoding=\"async\" class=\"\" src=\"https:\/\/cec-ci.com\/wp-content\/uploads\/2026\/04\/WhatsApp-Image-2026-04-16-at-15.35.11-1-370x240.jpeg\" width=\"370\" height=\"240\" alt=\"WhatsApp Image 2026-04-16 at 15.35.11 (1)\" title=\"WhatsApp Image 2026-04-16 at 15.35.11 (1)\" \/><\/a>\r\n                            <\/div>\r\n                                                <div class=\"entry-body\">\r\n                                                            <ul class=\"entry-meta\">\r\n                                                                            <li class=\"item-date\"><i class=\"fac fac-calendar-alt\"><\/i><\/li>\r\n                                                                                                                <li class=\"item-author\">\r\n                                            <a href=\"https:\/\/cec-ci.com\/?author=5\"><i class=\"fac fac-user\"><\/i>beda.yapo<\/a><\/li>\r\n                                                                    <\/ul>\r\n                                                        <h3 class=\"entry-title\"><a href=\"https:\/\/cec-ci.com\/?p=2659\">TRAVAUX DE CONSTRUCTION DE CENTRES MULTIFONCTIONNELS DANS LES COMMUNES DE BROFODOUME ET ATTECOUBE<\/a><\/h3>\r\n                        <\/div>\r\n                    <\/div>\r\n                <\/div>\r\n                            <div class=\"grid-item col-xl-4 col-lg-4 col-md-6 col-sm-6 col-12 projets\">\r\n                    <div class=\"grid-item-inner wow fadeInUp\">\r\n                                                    <div class=\"entry-featured\">\r\n                                <a href=\"https:\/\/cec-ci.com\/?p=2640\"><img decoding=\"async\" class=\"\" src=\"https:\/\/cec-ci.com\/wp-content\/uploads\/2026\/04\/WhatsApp-Image-2026-04-16-at-15.15.00-370x240.jpeg\" width=\"370\" height=\"240\" alt=\"WhatsApp Image 2026-04-16 at 15.15.00\" title=\"WhatsApp Image 2026-04-16 at 15.15.00\" \/><\/a>\r\n                            <\/div>\r\n                                                <div class=\"entry-body\">\r\n                                                            <ul class=\"entry-meta\">\r\n                                                                            <li class=\"item-date\"><i class=\"fac fac-calendar-alt\"><\/i><\/li>\r\n                                                                                                                <li class=\"item-author\">\r\n                                            <a href=\"https:\/\/cec-ci.com\/?author=5\"><i class=\"fac fac-user\"><\/i>beda.yapo<\/a><\/li>\r\n                                                                    <\/ul>\r\n                                                        <h3 class=\"entry-title\"><a href=\"https:\/\/cec-ci.com\/?p=2640\">TRAVAUX DE CONSTRUCTION D\u2019UN CENTRE DE SANTE ET D\u2019EQUIPEMENT EN MOBILIERS A TOKPA N\u2019DRIKRO<\/a><\/h3>\r\n                        <\/div>\r\n                    <\/div>\r\n                <\/div>\r\n                            <div class=\"grid-item col-xl-4 col-lg-4 col-md-6 col-sm-6 col-12 projets\">\r\n                    <div class=\"grid-item-inner wow fadeInUp\">\r\n                                                    <div class=\"entry-featured\">\r\n                                <a href=\"https:\/\/cec-ci.com\/?p=2619\"><img loading=\"lazy\" decoding=\"async\" class=\"\" src=\"https:\/\/cec-ci.com\/wp-content\/uploads\/2026\/04\/WhatsApp-Image-2026-04-16-at-15.03.05-1-370x240.jpeg\" width=\"370\" height=\"240\" alt=\"WhatsApp Image 2026-04-16 at 15.03.05 (1)\" title=\"WhatsApp Image 2026-04-16 at 15.03.05 (1)\" \/><\/a>\r\n                            <\/div>\r\n                                                <div class=\"entry-body\">\r\n                                                            <ul class=\"entry-meta\">\r\n                                                                            <li class=\"item-date\"><i class=\"fac fac-calendar-alt\"><\/i><\/li>\r\n                                                                                                                <li class=\"item-author\">\r\n                                            <a href=\"https:\/\/cec-ci.com\/?author=5\"><i class=\"fac fac-user\"><\/i>beda.yapo<\/a><\/li>\r\n                                                                    <\/ul>\r\n                                                        <h3 class=\"entry-title\"><a href=\"https:\/\/cec-ci.com\/?p=2619\">TRAVAUX D\u2019ADDUCTION EN EAU POTABLE ET DE CONSTRUCTION DE BLOCS DE LATRINES DANS LES ONZE ECOLES ET DEUX CENTRES DE SANTES SELECTIONNES DANS LA ZONE DE SONGON NORD<\/a><\/h3>\r\n                        <\/div>\r\n                    <\/div>\r\n                <\/div>\r\n                            <div class=\"grid-item col-xl-4 col-lg-4 col-md-6 col-sm-6 col-12 projets\">\r\n                    <div class=\"grid-item-inner wow fadeInUp\">\r\n                                                    <div class=\"entry-featured\">\r\n                                <a href=\"https:\/\/cec-ci.com\/?p=2598\"><img loading=\"lazy\" decoding=\"async\" class=\"\" src=\"https:\/\/cec-ci.com\/wp-content\/uploads\/2026\/04\/WhatsApp-Image-2026-04-16-at-15.01.42-370x240.jpeg\" width=\"370\" height=\"240\" alt=\"WhatsApp Image 2026-04-16 at 15.01.42\" title=\"WhatsApp Image 2026-04-16 at 15.01.42\" \/><\/a>\r\n                            <\/div>\r\n                                                <div class=\"entry-body\">\r\n                                                            <ul class=\"entry-meta\">\r\n                                                                            <li class=\"item-date\"><i class=\"fac fac-calendar-alt\"><\/i><\/li>\r\n                                                                                                                <li class=\"item-author\">\r\n                                            <a href=\"https:\/\/cec-ci.com\/?author=5\"><i class=\"fac fac-user\"><\/i>beda.yapo<\/a><\/li>\r\n                                                                    <\/ul>\r\n                                                        <h3 class=\"entry-title\"><a href=\"https:\/\/cec-ci.com\/?p=2598\">TRAVAUX DE CONSTRUCTION DU SI\u00c8GE DE L\u2019ASSOCIATION DES SCOUTS CATHOLIQUE DE C\u00d4TE D\u2019IVOIRE (ASCCI) \u00c0 YOPOUGON KM 17<\/a><\/h3>\r\n                        <\/div>\r\n                    <\/div>\r\n                <\/div>\r\n                            <div class=\"grid-item col-xl-4 col-lg-4 col-md-6 col-sm-6 col-12 projets\">\r\n                    <div class=\"grid-item-inner wow fadeInUp\">\r\n                                                    <div class=\"entry-featured\">\r\n                                <a href=\"https:\/\/cec-ci.com\/?p=2578\"><img loading=\"lazy\" decoding=\"async\" class=\"\" src=\"https:\/\/cec-ci.com\/wp-content\/uploads\/2026\/04\/WhatsApp-Image-2026-04-16-at-15.20.45-2-370x240.jpeg\" width=\"370\" height=\"240\" alt=\"WhatsApp Image 2026-04-16 at 15.20.45 (2)\" title=\"WhatsApp Image 2026-04-16 at 15.20.45 (2)\" \/><\/a>\r\n                            <\/div>\r\n                                                <div class=\"entry-body\">\r\n                                                            <ul class=\"entry-meta\">\r\n                                                                            <li class=\"item-date\"><i class=\"fac fac-calendar-alt\"><\/i><\/li>\r\n                                                                                                                <li class=\"item-author\">\r\n                                            <a href=\"https:\/\/cec-ci.com\/?author=5\"><i class=\"fac fac-user\"><\/i>beda.yapo<\/a><\/li>\r\n                                                                    <\/ul>\r\n                                                        <h3 class=\"entry-title\"><a href=\"https:\/\/cec-ci.com\/?p=2578\">TRAVAUX DE CONSTRUCTION ET DE REHABILITATION D\u2019OUVRAGES EN COTE D\u2019IVOIRE (LOT 66)<\/a><\/h3>\r\n                        <\/div>\r\n                    <\/div>\r\n                <\/div>\r\n                <\/div>\r\n        <\/div>\t\t\t\t<\/div>\n\t\t\t\t<\/div>\n\t\t            <\/div>\n        <\/div>\n                    <\/div>\n        <\/section>\n        \t\t<\/div>\n\t\t\n    <div class=\"xs_social_share_widget xs_share_url after_content \t\tmain_content  wslu-style-1 wslu-share-box-shaped wslu-fill-colored wslu-none wslu-share-horizontal wslu-theme-font-no wslu-main_content\">\n\n\t\t\n        <ul>\n\t\t\t        <\/ul>\n    <\/div> \n","protected":false},"excerpt":{"rendered":"<p>Projets D\u00e9couvrez quelques-uns de nos projets r\u00e9alis\u00e9s selon les normes D\u00e9couvrez quelques-uns de nos projets r\u00e9alis\u00e9s dans le respect strict des normes de qualit\u00e9, de s\u00e9curit\u00e9 et de construction. Chaque r\u00e9alisation refl\u00e8te notre savoir-faire, notre rigueur et notre engagement \u00e0 livrer des ouvrages durables et fiables. 5 novembre 2019 admin2855 Strategy for Norway&#8217;s Peion to [&hellip;]<\/p>\n","protected":false},"author":1,"featured_media":0,"parent":0,"menu_order":0,"comment_status":"closed","ping_status":"closed","template":"","meta":{"_seopress_robots_primary_cat":"","_seopress_titles_title":"","_seopress_titles_desc":"","_seopress_robots_index":"","postBodyCss":"","postBodyMargin":[],"postBodyPadding":[],"postBodyBackground":{"backgroundType":"classic","gradient":""},"footnotes":""},"class_list":["post-129","page","type-page","status-publish","hentry"],"_links":{"self":[{"href":"https:\/\/cec-ci.com\/index.php?rest_route=\/wp\/v2\/pages\/129","targetHints":{"allow":["GET"]}}],"collection":[{"href":"https:\/\/cec-ci.com\/index.php?rest_route=\/wp\/v2\/pages"}],"about":[{"href":"https:\/\/cec-ci.com\/index.php?rest_route=\/wp\/v2\/types\/page"}],"author":[{"embeddable":true,"href":"https:\/\/cec-ci.com\/index.php?rest_route=\/wp\/v2\/users\/1"}],"replies":[{"embeddable":true,"href":"https:\/\/cec-ci.com\/index.php?rest_route=%2Fwp%2Fv2%2Fcomments&post=129"}],"version-history":[{"count":5,"href":"https:\/\/cec-ci.com\/index.php?rest_route=\/wp\/v2\/pages\/129\/revisions"}],"predecessor-version":[{"id":2518,"href":"https:\/\/cec-ci.com\/index.php?rest_route=\/wp\/v2\/pages\/129\/revisions\/2518"}],"wp:attachment":[{"href":"https:\/\/cec-ci.com\/index.php?rest_route=%2Fwp%2Fv2%2Fmedia&parent=129"}],"curies":[{"name":"wp","href":"https:\/\/api.w.org\/{rel}","templated":true}]}}